{"id":139,"date":"2024-02-10T10:06:18","date_gmt":"2024-02-10T10:06:18","guid":{"rendered":"https:\/\/samfunnshuset.net\/hovedside\/?page_id=139"},"modified":"2024-02-10T10:40:15","modified_gmt":"2024-02-10T10:40:15","slug":"belligenhet","status":"publish","type":"page","link":"https:\/\/samfunnshuset.net\/hovedside\/index.php\/belligenhet\/","title":{"rendered":"Beliggenhet"},"content":{"rendered":"\n<p>S\u00f8rskogbygda Samfunnshus ligger i Elverum kommune, ca 15 km. fra Elverum sentrum. Kommer du via Elverum kj\u00f8rer man \u00f8stover p\u00e5 Rv 25 i ca. 9 km. Ta deretter til h\u00f8yre ved Cirkle-K stasjonen i Hernes. F\u00f8lg riksvei 207 i ca. 6 km.<\/p>\n\n\n\n<p>Du f\u00e5r f\u00f8rst S\u00f8rskogbygda Kirke p\u00e5 venstre h\u00e5nd, kj\u00f8r 300 meter til og du er framme ved S\u00f8rskogbyda Samfunnshus.<\/p>\n\n\n\n<p>Klikk bildet for \u00e5 komme til kart:<\/p>\n\n\n\n<figure class=\"wp-block-image size-full is-resized\"><a href=\"https:\/\/www.google.no\/maps\/place\/S%C3%B8rskogbygda+Samfunnshus\/@60.9430536,11.7750841,17z\/data=!3m1!4b1!4m6!3m5!1s0x4669f90d96a59981:0x8185b023149be595!8m2!3d60.943051!4d11.777659!16s%2Fg%2F1wf20gl8?entry=ttu\" target=\"_blank\" rel=\"noreferrer noopener\"><img loading=\"lazy\" decoding=\"async\" width=\"620\" height=\"430\" src=\"https:\/\/samfunnshuset.net\/hovedside\/hovedside\/wp-content\/uploads\/2024\/02\/Google-Maps-PNG-Photo-1.png\" alt=\"\" class=\"wp-image-115\" style=\"width:137px;height:auto\" srcset=\"https:\/\/samfunnshuset.net\/hovedside\/wp-content\/uploads\/2024\/02\/Google-Maps-PNG-Photo-1.png 620w, https:\/\/samfunnshuset.net\/hovedside\/wp-content\/uploads\/2024\/02\/Google-Maps-PNG-Photo-1-300x208.png 300w\" sizes=\"auto, (max-width: 620px) 100vw, 620px\" \/><\/a><\/figure>\n","protected":false},"excerpt":{"rendered":"<p>S\u00f8rskogbygda Samfunnshus ligger i Elverum kommune, ca 15 km. fra Elverum sentrum. Kommer du via Elverum kj\u00f8rer man \u00f8stover p\u00e5 Rv 25 i ca. 9 km. Ta deretter til h\u00f8yre ved Cirkle-K stasjonen i Hernes. F\u00f8lg riksvei 207 i ca. 6 km. Du f\u00e5r f\u00f8rst S\u00f8rskogbygda Kirke p\u00e5 venstre h\u00e5nd, kj\u00f8r 300 meter til og [&hellip;]<\/p>\n","protected":false},"author":1,"featured_media":0,"parent":0,"menu_order":0,"comment_status":"closed","ping_status":"closed","template":"","meta":{"footnotes":""},"class_list":["post-139","page","type-page","status-publish","hentry"],"yoast_head":"<!-- This site is optimized with the Yoast SEO plugin v22.0 - https:\/\/yoast.com\/wordpress\/plugins\/seo\/ -->\n<title>Beliggenhet - Samfunnshuset<\/title>\n<meta name=\"robots\" content=\"index, follow, max-snippet:-1, max-image-preview:large, max-video-preview:-1\" \/>\n<link rel=\"canonical\" href=\"https:\/\/samfunnshuset.net\/hovedside\/index.php\/belligenhet\/\" \/>\n<meta property=\"og:locale\" content=\"nb_NO\" \/>\n<meta property=\"og:type\" content=\"article\" \/>\n<meta property=\"og:title\" content=\"Beliggenhet - Samfunnshuset\" \/>\n<meta property=\"og:description\" content=\"S\u00f8rskogbygda Samfunnshus ligger i Elverum kommune, ca 15 km. fra Elverum sentrum. Kommer du via Elverum kj\u00f8rer man \u00f8stover p\u00e5 Rv 25 i ca. 9 km. Ta deretter til h\u00f8yre ved Cirkle-K stasjonen i Hernes. F\u00f8lg riksvei 207 i ca. 6 km. Du f\u00e5r f\u00f8rst S\u00f8rskogbygda Kirke p\u00e5 venstre h\u00e5nd, kj\u00f8r 300 meter til og [&hellip;]\" \/>\n<meta property=\"og:url\" content=\"https:\/\/samfunnshuset.net\/hovedside\/index.php\/belligenhet\/\" \/>\n<meta property=\"og:site_name\" content=\"Samfunnshuset\" \/>\n<meta property=\"article:modified_time\" content=\"2024-02-10T10:40:15+00:00\" \/>\n<meta property=\"og:image\" content=\"https:\/\/samfunnshuset.net\/hovedside\/hovedside\/wp-content\/uploads\/2024\/02\/Google-Maps-PNG-Photo-1.png\" \/>\n<meta name=\"twitter:card\" content=\"summary_large_image\" \/>\n<meta name=\"twitter:label1\" content=\"Ansl. lesetid\" \/>\n\t<meta name=\"twitter:data1\" content=\"1 minutt\" \/>\n<script type=\"application\/ld+json\" class=\"yoast-schema-graph\">{\"@context\":\"https:\/\/schema.org\",\"@graph\":[{\"@type\":\"WebPage\",\"@id\":\"https:\/\/samfunnshuset.net\/hovedside\/index.php\/belligenhet\/\",\"url\":\"https:\/\/samfunnshuset.net\/hovedside\/index.php\/belligenhet\/\",\"name\":\"Beliggenhet - Samfunnshuset\",\"isPartOf\":{\"@id\":\"https:\/\/samfunnshuset.net\/hovedside\/#website\"},\"datePublished\":\"2024-02-10T10:06:18+00:00\",\"dateModified\":\"2024-02-10T10:40:15+00:00\",\"breadcrumb\":{\"@id\":\"https:\/\/samfunnshuset.net\/hovedside\/index.php\/belligenhet\/#breadcrumb\"},\"inLanguage\":\"nb-NO\",\"potentialAction\":[{\"@type\":\"ReadAction\",\"target\":[\"https:\/\/samfunnshuset.net\/hovedside\/index.php\/belligenhet\/\"]}]},{\"@type\":\"BreadcrumbList\",\"@id\":\"https:\/\/samfunnshuset.net\/hovedside\/index.php\/belligenhet\/#breadcrumb\",\"itemListElement\":[{\"@type\":\"ListItem\",\"position\":1,\"name\":\"Hjem\",\"item\":\"https:\/\/samfunnshuset.net\/hovedside\/\"},{\"@type\":\"ListItem\",\"position\":2,\"name\":\"Beliggenhet\"}]},{\"@type\":\"WebSite\",\"@id\":\"https:\/\/samfunnshuset.net\/hovedside\/#website\",\"url\":\"https:\/\/samfunnshuset.net\/hovedside\/\",\"name\":\"Samfunnshuset\",\"description\":\"\",\"potentialAction\":[{\"@type\":\"SearchAction\",\"target\":{\"@type\":\"EntryPoint\",\"urlTemplate\":\"https:\/\/samfunnshuset.net\/hovedside\/?s={search_term_string}\"},\"query-input\":\"required name=search_term_string\"}],\"inLanguage\":\"nb-NO\"}]}<\/script>\n<!-- \/ Yoast SEO plugin. -->","yoast_head_json":{"title":"Beliggenhet - Samfunnshuset","robots":{"index":"index","follow":"follow","max-snippet":"max-snippet:-1","max-image-preview":"max-image-preview:large","max-video-preview":"max-video-preview:-1"},"canonical":"https:\/\/samfunnshuset.net\/hovedside\/index.php\/belligenhet\/","og_locale":"nb_NO","og_type":"article","og_title":"Beliggenhet - Samfunnshuset","og_description":"S\u00f8rskogbygda Samfunnshus ligger i Elverum kommune, ca 15 km. fra Elverum sentrum. Kommer du via Elverum kj\u00f8rer man \u00f8stover p\u00e5 Rv 25 i ca. 9 km. Ta deretter til h\u00f8yre ved Cirkle-K stasjonen i Hernes. F\u00f8lg riksvei 207 i ca. 6 km. Du f\u00e5r f\u00f8rst S\u00f8rskogbygda Kirke p\u00e5 venstre h\u00e5nd, kj\u00f8r 300 meter til og [&hellip;]","og_url":"https:\/\/samfunnshuset.net\/hovedside\/index.php\/belligenhet\/","og_site_name":"Samfunnshuset","article_modified_time":"2024-02-10T10:40:15+00:00","og_image":[{"url":"https:\/\/samfunnshuset.net\/hovedside\/hovedside\/wp-content\/uploads\/2024\/02\/Google-Maps-PNG-Photo-1.png"}],"twitter_card":"summary_large_image","twitter_misc":{"Ansl. lesetid":"1 minutt"},"schema":{"@context":"https:\/\/schema.org","@graph":[{"@type":"WebPage","@id":"https:\/\/samfunnshuset.net\/hovedside\/index.php\/belligenhet\/","url":"https:\/\/samfunnshuset.net\/hovedside\/index.php\/belligenhet\/","name":"Beliggenhet - Samfunnshuset","isPartOf":{"@id":"https:\/\/samfunnshuset.net\/hovedside\/#website"},"datePublished":"2024-02-10T10:06:18+00:00","dateModified":"2024-02-10T10:40:15+00:00","breadcrumb":{"@id":"https:\/\/samfunnshuset.net\/hovedside\/index.php\/belligenhet\/#breadcrumb"},"inLanguage":"nb-NO","potentialAction":[{"@type":"ReadAction","target":["https:\/\/samfunnshuset.net\/hovedside\/index.php\/belligenhet\/"]}]},{"@type":"BreadcrumbList","@id":"https:\/\/samfunnshuset.net\/hovedside\/index.php\/belligenhet\/#breadcrumb","itemListElement":[{"@type":"ListItem","position":1,"name":"Hjem","item":"https:\/\/samfunnshuset.net\/hovedside\/"},{"@type":"ListItem","position":2,"name":"Beliggenhet"}]},{"@type":"WebSite","@id":"https:\/\/samfunnshuset.net\/hovedside\/#website","url":"https:\/\/samfunnshuset.net\/hovedside\/","name":"Samfunnshuset","description":"","potentialAction":[{"@type":"SearchAction","target":{"@type":"EntryPoint","urlTemplate":"https:\/\/samfunnshuset.net\/hovedside\/?s={search_term_string}"},"query-input":"required name=search_term_string"}],"inLanguage":"nb-NO"}]}},"_links":{"self":[{"href":"https:\/\/samfunnshuset.net\/hovedside\/index.php\/wp-json\/wp\/v2\/pages\/139","targetHints":{"allow":["GET"]}}],"collection":[{"href":"https:\/\/samfunnshuset.net\/hovedside\/index.php\/wp-json\/wp\/v2\/pages"}],"about":[{"href":"https:\/\/samfunnshuset.net\/hovedside\/index.php\/wp-json\/wp\/v2\/types\/page"}],"author":[{"embeddable":true,"href":"https:\/\/samfunnshuset.net\/hovedside\/index.php\/wp-json\/wp\/v2\/users\/1"}],"replies":[{"embeddable":true,"href":"https:\/\/samfunnshuset.net\/hovedside\/index.php\/wp-json\/wp\/v2\/comments?post=139"}],"version-history":[{"count":4,"href":"https:\/\/samfunnshuset.net\/hovedside\/index.php\/wp-json\/wp\/v2\/pages\/139\/revisions"}],"predecessor-version":[{"id":158,"href":"https:\/\/samfunnshuset.net\/hovedside\/index.php\/wp-json\/wp\/v2\/pages\/139\/revisions\/158"}],"wp:attachment":[{"href":"https:\/\/samfunnshuset.net\/hovedside\/index.php\/wp-json\/wp\/v2\/media?parent=139"}],"curies":[{"name":"wp","href":"https:\/\/api.w.org\/{rel}","templated":true}]}}