{"id":144,"date":"2024-02-10T10:15:42","date_gmt":"2024-02-10T10:15:42","guid":{"rendered":"https:\/\/samfunnshuset.net\/hovedside\/?page_id=144"},"modified":"2024-12-04T20:39:03","modified_gmt":"2024-12-04T20:39:03","slug":"utleiepriser","status":"publish","type":"page","link":"https:\/\/samfunnshuset.net\/hovedside\/index.php\/utleiepriser\/","title":{"rendered":"Utleiepriser"},"content":{"rendered":"\n<figure class=\"wp-block-table\"><table><tbody><tr><td>Private selskap<\/td><td>Pris<\/td><\/tr><tr><td>Kafeen inkl. kj\u00f8kken<\/td><td>Kr. 2500,-<\/td><\/tr><tr><td>Salen inkl. kj\u00f8kken<\/td><td>Kr. 2500,-<\/td><\/tr><tr><td>Hele samfunnshuset<\/td><td>Kr. 5000,-<\/td><\/tr><tr><td>Ekstra d\u00f8gn<\/td><td>Kr. 2000,-<\/td><\/tr><tr><td>Barnebursdag, M\u00f8ter etc.<\/td><td>Kontakt oss for pris<\/td><\/tr><\/tbody><\/table><figcaption class=\"wp-element-caption\">Ved enkelte arrangementer kan krav om vakthold fremsettes<\/figcaption><\/figure>\n\n\n\n<p><\/p>\n\n\n\n<p class=\"has-text-align-center\"><strong>Kuvertpriser<\/strong>:<\/p>\n\n\n\n<p>3 stk snitter med valgfritt p\u00e5legg: reker med majones og sitrus, roastbeef med remulade og r\u00f8d l\u00f8k, r\u00f8kt laks med egger\u00f8re, skinke, ost + 1 karbonadesm\u00f8rbr\u00f8d med karamellisert l\u00f8k og sylteagurk, hvite duker, servietter, lys, blomster, salt og pepper, te, sukker og fl\u00f8te. Vi tilpasser ogs\u00e5 glutenfritt, laktosefritt. 300,- pr. pers (Minst 10 stk).<\/p>\n\n\n\n<p> Kaffekanne 300,- (ca. 10 kopper) <\/p>\n\n\n\n<p>Kaffe og mineralvann etter forbruk.<\/p>\n\n\n\n<p><\/p>\n\n\n\n<p>Vi p\u00e5 S\u00f8rskogbygda Samfunnshus har lang erfaring med \u00e5 bist\u00e5 ved minnesamv\u00e6r. Vi dekker og pynter p\u00e5 forh\u00e5nd, lager mat, serverer, tar oppvask og vask av lokalet. Ta gjerne kontakt med oss for en samtale om hva du \u00f8nsker.<\/p>\n\n\n\n<figure class=\"wp-block-gallery has-nested-images columns-default is-cropped wp-block-gallery-1 is-layout-flex wp-block-gallery-is-layout-flex\"><\/figure>\n\n\n\n<p class=\"has-text-align-center\"><strong>Kaker<\/strong> <\/p>\n\n\n\n<p><strong>Bl\u00f8tkake<\/strong>:  15 biter 650,-   20 biter 850,-   30 biter 1300,-  og 45 biter 1900,-<\/p>\n\n\n\n<p><strong>Kringle<\/strong>: 15 biter 450,- 20 biter 600,- 35 biter 1050,-<\/p>\n\n\n\n<p><strong>Sjokoladekake<\/strong>: 15 biter 560,-  20 biter 750,-  30 biter 1180,- 45 biter 1575,-<\/p>\n\n\n\n<p><\/p>\n\n\n\n<figure class=\"wp-block-image size-large is-resized\"><img loading=\"lazy\" decoding=\"async\" width=\"1024\" height=\"498\" src=\"https:\/\/samfunnshuset.net\/hovedside\/wp-content\/uploads\/2024\/10\/kake1-1024x498.jpg\" alt=\"\" class=\"wp-image-209\" style=\"width:613px;height:auto\" srcset=\"https:\/\/samfunnshuset.net\/hovedside\/wp-content\/uploads\/2024\/10\/kake1-1024x498.jpg 1024w, https:\/\/samfunnshuset.net\/hovedside\/wp-content\/uploads\/2024\/10\/kake1-300x146.jpg 300w, https:\/\/samfunnshuset.net\/hovedside\/wp-content\/uploads\/2024\/10\/kake1-768x373.jpg 768w, https:\/\/samfunnshuset.net\/hovedside\/wp-content\/uploads\/2024\/10\/kake1.jpg 1129w\" sizes=\"auto, (max-width: 1024px) 100vw, 1024px\" \/><\/figure>\n\n\n\n<p><\/p>\n\n\n\n<p>Kontakt oss: 92863838<br>Epost: <a href=\"lin_tho@hotmail.com\">lin_tho@hotmail.com<\/a><\/p>\n","protected":false},"excerpt":{"rendered":"<p>Private selskap Pris Kafeen inkl. kj\u00f8kken Kr. 2500,- Salen inkl. kj\u00f8kken Kr. 2500,- Hele samfunnshuset Kr. 5000,- Ekstra d\u00f8gn Kr. 2000,- Barnebursdag, M\u00f8ter etc. Kontakt oss for pris Ved enkelte arrangementer kan krav om vakthold fremsettes Kuvertpriser: 3 stk snitter med valgfritt p\u00e5legg: reker med majones og sitrus, roastbeef med remulade og r\u00f8d l\u00f8k, r\u00f8kt [&hellip;]<\/p>\n","protected":false},"author":1,"featured_media":0,"parent":0,"menu_order":0,"comment_status":"closed","ping_status":"closed","template":"","meta":{"footnotes":""},"class_list":["post-144","page","type-page","status-publish","hentry"],"yoast_head":"<!-- This site is optimized with the Yoast SEO plugin v22.0 - https:\/\/yoast.com\/wordpress\/plugins\/seo\/ -->\n<title>Utleiepriser - Samfunnshuset<\/title>\n<meta name=\"robots\" content=\"index, follow, max-snippet:-1, max-image-preview:large, max-video-preview:-1\" \/>\n<link rel=\"canonical\" href=\"https:\/\/samfunnshuset.net\/hovedside\/index.php\/utleiepriser\/\" \/>\n<meta property=\"og:locale\" content=\"nb_NO\" \/>\n<meta property=\"og:type\" content=\"article\" \/>\n<meta property=\"og:title\" content=\"Utleiepriser - Samfunnshuset\" \/>\n<meta property=\"og:description\" content=\"Private selskap Pris Kafeen inkl. kj\u00f8kken Kr. 2500,- Salen inkl. kj\u00f8kken Kr. 2500,- Hele samfunnshuset Kr. 5000,- Ekstra d\u00f8gn Kr. 2000,- Barnebursdag, M\u00f8ter etc. Kontakt oss for pris Ved enkelte arrangementer kan krav om vakthold fremsettes Kuvertpriser: 3 stk snitter med valgfritt p\u00e5legg: reker med majones og sitrus, roastbeef med remulade og r\u00f8d l\u00f8k, r\u00f8kt [&hellip;]\" \/>\n<meta property=\"og:url\" content=\"https:\/\/samfunnshuset.net\/hovedside\/index.php\/utleiepriser\/\" \/>\n<meta property=\"og:site_name\" content=\"Samfunnshuset\" \/>\n<meta property=\"article:modified_time\" content=\"2024-12-04T20:39:03+00:00\" \/>\n<meta property=\"og:image\" content=\"https:\/\/samfunnshuset.net\/hovedside\/wp-content\/uploads\/2024\/10\/kake1-1024x498.jpg\" \/>\n<meta name=\"twitter:card\" content=\"summary_large_image\" \/>\n<meta name=\"twitter:label1\" content=\"Ansl. lesetid\" \/>\n\t<meta name=\"twitter:data1\" content=\"2 minutter\" \/>\n<script type=\"application\/ld+json\" class=\"yoast-schema-graph\">{\"@context\":\"https:\/\/schema.org\",\"@graph\":[{\"@type\":\"WebPage\",\"@id\":\"https:\/\/samfunnshuset.net\/hovedside\/index.php\/utleiepriser\/\",\"url\":\"https:\/\/samfunnshuset.net\/hovedside\/index.php\/utleiepriser\/\",\"name\":\"Utleiepriser - Samfunnshuset\",\"isPartOf\":{\"@id\":\"https:\/\/samfunnshuset.net\/hovedside\/#website\"},\"datePublished\":\"2024-02-10T10:15:42+00:00\",\"dateModified\":\"2024-12-04T20:39:03+00:00\",\"breadcrumb\":{\"@id\":\"https:\/\/samfunnshuset.net\/hovedside\/index.php\/utleiepriser\/#breadcrumb\"},\"inLanguage\":\"nb-NO\",\"potentialAction\":[{\"@type\":\"ReadAction\",\"target\":[\"https:\/\/samfunnshuset.net\/hovedside\/index.php\/utleiepriser\/\"]}]},{\"@type\":\"BreadcrumbList\",\"@id\":\"https:\/\/samfunnshuset.net\/hovedside\/index.php\/utleiepriser\/#breadcrumb\",\"itemListElement\":[{\"@type\":\"ListItem\",\"position\":1,\"name\":\"Hjem\",\"item\":\"https:\/\/samfunnshuset.net\/hovedside\/\"},{\"@type\":\"ListItem\",\"position\":2,\"name\":\"Utleiepriser\"}]},{\"@type\":\"WebSite\",\"@id\":\"https:\/\/samfunnshuset.net\/hovedside\/#website\",\"url\":\"https:\/\/samfunnshuset.net\/hovedside\/\",\"name\":\"Samfunnshuset\",\"description\":\"\",\"potentialAction\":[{\"@type\":\"SearchAction\",\"target\":{\"@type\":\"EntryPoint\",\"urlTemplate\":\"https:\/\/samfunnshuset.net\/hovedside\/?s={search_term_string}\"},\"query-input\":\"required name=search_term_string\"}],\"inLanguage\":\"nb-NO\"}]}<\/script>\n<!-- \/ Yoast SEO plugin. -->","yoast_head_json":{"title":"Utleiepriser - Samfunnshuset","robots":{"index":"index","follow":"follow","max-snippet":"max-snippet:-1","max-image-preview":"max-image-preview:large","max-video-preview":"max-video-preview:-1"},"canonical":"https:\/\/samfunnshuset.net\/hovedside\/index.php\/utleiepriser\/","og_locale":"nb_NO","og_type":"article","og_title":"Utleiepriser - Samfunnshuset","og_description":"Private selskap Pris Kafeen inkl. kj\u00f8kken Kr. 2500,- Salen inkl. kj\u00f8kken Kr. 2500,- Hele samfunnshuset Kr. 5000,- Ekstra d\u00f8gn Kr. 2000,- Barnebursdag, M\u00f8ter etc. Kontakt oss for pris Ved enkelte arrangementer kan krav om vakthold fremsettes Kuvertpriser: 3 stk snitter med valgfritt p\u00e5legg: reker med majones og sitrus, roastbeef med remulade og r\u00f8d l\u00f8k, r\u00f8kt [&hellip;]","og_url":"https:\/\/samfunnshuset.net\/hovedside\/index.php\/utleiepriser\/","og_site_name":"Samfunnshuset","article_modified_time":"2024-12-04T20:39:03+00:00","og_image":[{"url":"https:\/\/samfunnshuset.net\/hovedside\/wp-content\/uploads\/2024\/10\/kake1-1024x498.jpg"}],"twitter_card":"summary_large_image","twitter_misc":{"Ansl. lesetid":"2 minutter"},"schema":{"@context":"https:\/\/schema.org","@graph":[{"@type":"WebPage","@id":"https:\/\/samfunnshuset.net\/hovedside\/index.php\/utleiepriser\/","url":"https:\/\/samfunnshuset.net\/hovedside\/index.php\/utleiepriser\/","name":"Utleiepriser - Samfunnshuset","isPartOf":{"@id":"https:\/\/samfunnshuset.net\/hovedside\/#website"},"datePublished":"2024-02-10T10:15:42+00:00","dateModified":"2024-12-04T20:39:03+00:00","breadcrumb":{"@id":"https:\/\/samfunnshuset.net\/hovedside\/index.php\/utleiepriser\/#breadcrumb"},"inLanguage":"nb-NO","potentialAction":[{"@type":"ReadAction","target":["https:\/\/samfunnshuset.net\/hovedside\/index.php\/utleiepriser\/"]}]},{"@type":"BreadcrumbList","@id":"https:\/\/samfunnshuset.net\/hovedside\/index.php\/utleiepriser\/#breadcrumb","itemListElement":[{"@type":"ListItem","position":1,"name":"Hjem","item":"https:\/\/samfunnshuset.net\/hovedside\/"},{"@type":"ListItem","position":2,"name":"Utleiepriser"}]},{"@type":"WebSite","@id":"https:\/\/samfunnshuset.net\/hovedside\/#website","url":"https:\/\/samfunnshuset.net\/hovedside\/","name":"Samfunnshuset","description":"","potentialAction":[{"@type":"SearchAction","target":{"@type":"EntryPoint","urlTemplate":"https:\/\/samfunnshuset.net\/hovedside\/?s={search_term_string}"},"query-input":"required name=search_term_string"}],"inLanguage":"nb-NO"}]}},"_links":{"self":[{"href":"https:\/\/samfunnshuset.net\/hovedside\/index.php\/wp-json\/wp\/v2\/pages\/144","targetHints":{"allow":["GET"]}}],"collection":[{"href":"https:\/\/samfunnshuset.net\/hovedside\/index.php\/wp-json\/wp\/v2\/pages"}],"about":[{"href":"https:\/\/samfunnshuset.net\/hovedside\/index.php\/wp-json\/wp\/v2\/types\/page"}],"author":[{"embeddable":true,"href":"https:\/\/samfunnshuset.net\/hovedside\/index.php\/wp-json\/wp\/v2\/users\/1"}],"replies":[{"embeddable":true,"href":"https:\/\/samfunnshuset.net\/hovedside\/index.php\/wp-json\/wp\/v2\/comments?post=144"}],"version-history":[{"count":18,"href":"https:\/\/samfunnshuset.net\/hovedside\/index.php\/wp-json\/wp\/v2\/pages\/144\/revisions"}],"predecessor-version":[{"id":293,"href":"https:\/\/samfunnshuset.net\/hovedside\/index.php\/wp-json\/wp\/v2\/pages\/144\/revisions\/293"}],"wp:attachment":[{"href":"https:\/\/samfunnshuset.net\/hovedside\/index.php\/wp-json\/wp\/v2\/media?parent=144"}],"curies":[{"name":"wp","href":"https:\/\/api.w.org\/{rel}","templated":true}]}}