{"id":151,"date":"2024-02-10T10:24:23","date_gmt":"2024-02-10T10:24:23","guid":{"rendered":"https:\/\/samfunnshuset.net\/hovedside\/?page_id=151"},"modified":"2024-02-10T13:37:05","modified_gmt":"2024-02-10T13:37:05","slug":"kontakt-oss","status":"publish","type":"page","link":"https:\/\/samfunnshuset.net\/hovedside\/index.php\/kontakt-oss\/","title":{"rendered":"Kontakt Oss"},"content":{"rendered":"\n<p>S\u00f8rskogbygda Samfunnshus<br>2412 S\u00f8rskogbygda<\/p>\n\n\n\n<p>Tlf:&nbsp;90 36 88 54<br><a href=\"mailto:annisveen@live.no\">Epost:<\/a><a href=\"mailto:post@samfunnshuset.ne\">post@samfunnshuset.net<\/a><\/p>\n\n\n\n<p><\/p>\n\n\n\n<p><\/p>\n\n\n\n<p><\/p>\n\n\n\n<figure class=\"wp-block-pullquote has-text-align-center\"><blockquote><p>Styret i S\u00f8rskogbygda Samfunnshus<\/p><cite><strong>2024<\/strong><br><br>Leder<br>Linda Thomassen<br><br>Nestleder<br>Kine Thomassen<br><br>Styremedlem<br>Inger Brenna<br><br>Styremedlem<br>Trond Ole Myrvold<br><br>Styremedlem<br>Malin Simensen<br><br>Styremedlem<br>Espen Stenseth<br><\/cite><\/blockquote><\/figure>\n","protected":false},"excerpt":{"rendered":"<p>S\u00f8rskogbygda Samfunnshus2412 S\u00f8rskogbygda Tlf:&nbsp;90 36 88 54Epost:post@samfunnshuset.net Styret i S\u00f8rskogbygda Samfunnshus 2024 LederLinda Thomassen NestlederKine Thomassen StyremedlemInger Brenna StyremedlemTrond Ole Myrvold StyremedlemMalin Simensen StyremedlemEspen Stenseth<\/p>\n","protected":false},"author":1,"featured_media":0,"parent":0,"menu_order":0,"comment_status":"closed","ping_status":"closed","template":"","meta":{"footnotes":""},"class_list":["post-151","page","type-page","status-publish","hentry"],"yoast_head":"<!-- This site is optimized with the Yoast SEO plugin v22.0 - https:\/\/yoast.com\/wordpress\/plugins\/seo\/ -->\n<title>Kontakt Oss - Samfunnshuset<\/title>\n<meta name=\"robots\" content=\"index, follow, max-snippet:-1, max-image-preview:large, max-video-preview:-1\" \/>\n<link rel=\"canonical\" href=\"https:\/\/samfunnshuset.net\/hovedside\/index.php\/kontakt-oss\/\" \/>\n<meta property=\"og:locale\" content=\"nb_NO\" \/>\n<meta property=\"og:type\" content=\"article\" \/>\n<meta property=\"og:title\" content=\"Kontakt Oss - Samfunnshuset\" \/>\n<meta property=\"og:description\" content=\"S\u00f8rskogbygda Samfunnshus2412 S\u00f8rskogbygda Tlf:&nbsp;90 36 88 54Epost:post@samfunnshuset.net Styret i S\u00f8rskogbygda Samfunnshus 2024 LederLinda Thomassen NestlederKine Thomassen StyremedlemInger Brenna StyremedlemTrond Ole Myrvold StyremedlemMalin Simensen StyremedlemEspen Stenseth\" \/>\n<meta property=\"og:url\" content=\"https:\/\/samfunnshuset.net\/hovedside\/index.php\/kontakt-oss\/\" \/>\n<meta property=\"og:site_name\" content=\"Samfunnshuset\" \/>\n<meta property=\"article:modified_time\" content=\"2024-02-10T13:37:05+00:00\" \/>\n<meta name=\"twitter:card\" content=\"summary_large_image\" \/>\n<meta name=\"twitter:label1\" content=\"Ansl. lesetid\" \/>\n\t<meta name=\"twitter:data1\" content=\"1 minutt\" \/>\n<script type=\"application\/ld+json\" class=\"yoast-schema-graph\">{\"@context\":\"https:\/\/schema.org\",\"@graph\":[{\"@type\":\"WebPage\",\"@id\":\"https:\/\/samfunnshuset.net\/hovedside\/index.php\/kontakt-oss\/\",\"url\":\"https:\/\/samfunnshuset.net\/hovedside\/index.php\/kontakt-oss\/\",\"name\":\"Kontakt Oss - Samfunnshuset\",\"isPartOf\":{\"@id\":\"https:\/\/samfunnshuset.net\/hovedside\/#website\"},\"datePublished\":\"2024-02-10T10:24:23+00:00\",\"dateModified\":\"2024-02-10T13:37:05+00:00\",\"breadcrumb\":{\"@id\":\"https:\/\/samfunnshuset.net\/hovedside\/index.php\/kontakt-oss\/#breadcrumb\"},\"inLanguage\":\"nb-NO\",\"potentialAction\":[{\"@type\":\"ReadAction\",\"target\":[\"https:\/\/samfunnshuset.net\/hovedside\/index.php\/kontakt-oss\/\"]}]},{\"@type\":\"BreadcrumbList\",\"@id\":\"https:\/\/samfunnshuset.net\/hovedside\/index.php\/kontakt-oss\/#breadcrumb\",\"itemListElement\":[{\"@type\":\"ListItem\",\"position\":1,\"name\":\"Hjem\",\"item\":\"https:\/\/samfunnshuset.net\/hovedside\/\"},{\"@type\":\"ListItem\",\"position\":2,\"name\":\"Kontakt Oss\"}]},{\"@type\":\"WebSite\",\"@id\":\"https:\/\/samfunnshuset.net\/hovedside\/#website\",\"url\":\"https:\/\/samfunnshuset.net\/hovedside\/\",\"name\":\"Samfunnshuset\",\"description\":\"\",\"potentialAction\":[{\"@type\":\"SearchAction\",\"target\":{\"@type\":\"EntryPoint\",\"urlTemplate\":\"https:\/\/samfunnshuset.net\/hovedside\/?s={search_term_string}\"},\"query-input\":\"required name=search_term_string\"}],\"inLanguage\":\"nb-NO\"}]}<\/script>\n<!-- \/ Yoast SEO plugin. -->","yoast_head_json":{"title":"Kontakt Oss - Samfunnshuset","robots":{"index":"index","follow":"follow","max-snippet":"max-snippet:-1","max-image-preview":"max-image-preview:large","max-video-preview":"max-video-preview:-1"},"canonical":"https:\/\/samfunnshuset.net\/hovedside\/index.php\/kontakt-oss\/","og_locale":"nb_NO","og_type":"article","og_title":"Kontakt Oss - Samfunnshuset","og_description":"S\u00f8rskogbygda Samfunnshus2412 S\u00f8rskogbygda Tlf:&nbsp;90 36 88 54Epost:post@samfunnshuset.net Styret i S\u00f8rskogbygda Samfunnshus 2024 LederLinda Thomassen NestlederKine Thomassen StyremedlemInger Brenna StyremedlemTrond Ole Myrvold StyremedlemMalin Simensen StyremedlemEspen Stenseth","og_url":"https:\/\/samfunnshuset.net\/hovedside\/index.php\/kontakt-oss\/","og_site_name":"Samfunnshuset","article_modified_time":"2024-02-10T13:37:05+00:00","twitter_card":"summary_large_image","twitter_misc":{"Ansl. lesetid":"1 minutt"},"schema":{"@context":"https:\/\/schema.org","@graph":[{"@type":"WebPage","@id":"https:\/\/samfunnshuset.net\/hovedside\/index.php\/kontakt-oss\/","url":"https:\/\/samfunnshuset.net\/hovedside\/index.php\/kontakt-oss\/","name":"Kontakt Oss - Samfunnshuset","isPartOf":{"@id":"https:\/\/samfunnshuset.net\/hovedside\/#website"},"datePublished":"2024-02-10T10:24:23+00:00","dateModified":"2024-02-10T13:37:05+00:00","breadcrumb":{"@id":"https:\/\/samfunnshuset.net\/hovedside\/index.php\/kontakt-oss\/#breadcrumb"},"inLanguage":"nb-NO","potentialAction":[{"@type":"ReadAction","target":["https:\/\/samfunnshuset.net\/hovedside\/index.php\/kontakt-oss\/"]}]},{"@type":"BreadcrumbList","@id":"https:\/\/samfunnshuset.net\/hovedside\/index.php\/kontakt-oss\/#breadcrumb","itemListElement":[{"@type":"ListItem","position":1,"name":"Hjem","item":"https:\/\/samfunnshuset.net\/hovedside\/"},{"@type":"ListItem","position":2,"name":"Kontakt Oss"}]},{"@type":"WebSite","@id":"https:\/\/samfunnshuset.net\/hovedside\/#website","url":"https:\/\/samfunnshuset.net\/hovedside\/","name":"Samfunnshuset","description":"","potentialAction":[{"@type":"SearchAction","target":{"@type":"EntryPoint","urlTemplate":"https:\/\/samfunnshuset.net\/hovedside\/?s={search_term_string}"},"query-input":"required name=search_term_string"}],"inLanguage":"nb-NO"}]}},"_links":{"self":[{"href":"https:\/\/samfunnshuset.net\/hovedside\/index.php\/wp-json\/wp\/v2\/pages\/151","targetHints":{"allow":["GET"]}}],"collection":[{"href":"https:\/\/samfunnshuset.net\/hovedside\/index.php\/wp-json\/wp\/v2\/pages"}],"about":[{"href":"https:\/\/samfunnshuset.net\/hovedside\/index.php\/wp-json\/wp\/v2\/types\/page"}],"author":[{"embeddable":true,"href":"https:\/\/samfunnshuset.net\/hovedside\/index.php\/wp-json\/wp\/v2\/users\/1"}],"replies":[{"embeddable":true,"href":"https:\/\/samfunnshuset.net\/hovedside\/index.php\/wp-json\/wp\/v2\/comments?post=151"}],"version-history":[{"count":5,"href":"https:\/\/samfunnshuset.net\/hovedside\/index.php\/wp-json\/wp\/v2\/pages\/151\/revisions"}],"predecessor-version":[{"id":175,"href":"https:\/\/samfunnshuset.net\/hovedside\/index.php\/wp-json\/wp\/v2\/pages\/151\/revisions\/175"}],"wp:attachment":[{"href":"https:\/\/samfunnshuset.net\/hovedside\/index.php\/wp-json\/wp\/v2\/media?parent=151"}],"curies":[{"name":"wp","href":"https:\/\/api.w.org\/{rel}","templated":true}]}}